{"id":228,"date":"2023-03-03T15:10:04","date_gmt":"2023-03-03T14:10:04","guid":{"rendered":"http:\/\/www.stuttgart360.de\/wp\/?page_id=228"},"modified":"2024-01-31T14:13:58","modified_gmt":"2024-01-31T13:13:58","slug":"street-view","status":"publish","type":"page","link":"https:\/\/www.stuttgart360.de\/wp\/street-view\/","title":{"rendered":"Street View"},"content":{"rendered":"\n<h3 class=\"wp-block-heading\">Street View<\/h3>\n\n\n\n<h4 class=\"wp-block-heading\">Was ist das?<\/h4>\n\n\n\n<p>\u00bbStreet View | Trusted\u00ab (vormals: \u00bbGoogle Maps Business View\u00ab) ist die ideale M\u00f6glichkeit, die R\u00e4umlichkeiten Ihres Unternehmen im Internet zu pr\u00e4sentieren. Sie erreichen ein gro\u00dfes Spektrum von Interessenten \u2013 regional, \u00fcberregional oder sogar weltweit.<\/p>\n\n\n\n<h4 class=\"wp-block-heading\">Wie geht das?<\/h4>\n\n\n\n<p>Mithilfe der \u00bbGoogle Street View-Technologie\u00ab wird Ihr Unternehmen durch eine interaktive Tour mit hochwertigen 360-Grad-Bildern zum Leben erweckt. Der virtuelle Rundgang ist in den Google-Suchergebnissen, in Google Maps und in Google \u00bbMy Business\u00ab sichtbar, um Kunden eine Vorstellung von der r\u00e4umlichen Gestaltung, der Einrichtung und dem Ambiente Ihres Unternehmens zu vermitteln. Die Tour l\u00e4sst sich ganz einfach in Ihre eigene Unternehmens-Website und soziale Medien (Facebook etc.) einbinden, um noch mehr potenzielle Kunden anzusprechen.<\/p>\n\n\n\n<p class=\"has-tertiary-background-color has-background has-small-font-size\" style=\"margin-top:var(--wp--preset--spacing--50);margin-bottom:var(--wp--preset--spacing--50);padding-top:10px;padding-right:5px;padding-bottom:10px;padding-left:5px\">(Text\/Seite ist von 2017 \u2013 die Dienstleistung wird seit 2021 nicht mehr angeboten.)<\/p>\n\n\n\n<div style=\"height:100px\" aria-hidden=\"true\" class=\"wp-block-spacer\"><\/div>\n","protected":false},"excerpt":{"rendered":"<p>Street View Was ist das? \u00bbStreet View | Trusted\u00ab (vormals: \u00bbGoogle Maps Business View\u00ab) ist die ideale M\u00f6glichkeit, die R\u00e4umlichkeiten Ihres Unternehmen im Internet zu pr\u00e4sentieren. Sie erreichen ein gro\u00dfes Spektrum von Interessenten \u2013 regional, \u00fcberregional oder sogar weltweit. Wie geht das? Mithilfe der \u00bbGoogle Street View-Technologie\u00ab wird Ihr Unternehmen durch eine interaktive Tour mit [&hellip;]<\/p>\n","protected":false},"author":1,"featured_media":0,"parent":0,"menu_order":0,"comment_status":"closed","ping_status":"closed","template":"","meta":{"footnotes":""},"class_list":["post-228","page","type-page","status-publish","hentry"],"_links":{"self":[{"href":"https:\/\/www.stuttgart360.de\/wp\/wp-json\/wp\/v2\/pages\/228","targetHints":{"allow":["GET"]}}],"collection":[{"href":"https:\/\/www.stuttgart360.de\/wp\/wp-json\/wp\/v2\/pages"}],"about":[{"href":"https:\/\/www.stuttgart360.de\/wp\/wp-json\/wp\/v2\/types\/page"}],"author":[{"embeddable":true,"href":"https:\/\/www.stuttgart360.de\/wp\/wp-json\/wp\/v2\/users\/1"}],"replies":[{"embeddable":true,"href":"https:\/\/www.stuttgart360.de\/wp\/wp-json\/wp\/v2\/comments?post=228"}],"version-history":[{"count":4,"href":"https:\/\/www.stuttgart360.de\/wp\/wp-json\/wp\/v2\/pages\/228\/revisions"}],"predecessor-version":[{"id":3554,"href":"https:\/\/www.stuttgart360.de\/wp\/wp-json\/wp\/v2\/pages\/228\/revisions\/3554"}],"wp:attachment":[{"href":"https:\/\/www.stuttgart360.de\/wp\/wp-json\/wp\/v2\/media?parent=228"}],"curies":[{"name":"wp","href":"https:\/\/api.w.org\/{rel}","templated":true}]}}