{"id":195,"date":"2023-03-03T13:28:37","date_gmt":"2023-03-03T12:28:37","guid":{"rendered":"http:\/\/www.stuttgart360.de\/wp\/?page_id=195"},"modified":"2023-03-03T14:17:21","modified_gmt":"2023-03-03T13:17:21","slug":"redaktionelle-nutzung","status":"publish","type":"page","link":"https:\/\/www.stuttgart360.de\/wp\/redaktionelle-nutzung\/","title":{"rendered":"Redaktionelle Nutzung"},"content":{"rendered":"\n<h3 class=\"wp-block-heading\">Preise \/ Redaktionelle Nutzung<\/h3>\n\n\n\n<p>Bis auf wenige Ausnahmen k\u00f6nnen nat\u00fcrlich alle Bilder auch redaktionell genutzt werden, d.h. sie d\u00fcrfen in Zeitungen, Magazinen, B\u00fcchern etc. abgedruckt werden. Das Honorar f\u00fcr die Nutzungsrechte bewegt sich dabei im \u00fcblichen Bereich des Bildjournalismus.<\/p>\n\n\n\n<p>Bedenken Sie, dass die Aufl\u00f6sung der Bilder so hoch ist, dass Sie jederzeit einen Ausschnitt nutzen k\u00f6nnen, wenn Sie nicht das ganze Motiv unterbringen wollen (Details siehe Werbliche Nutzung).<\/p>\n\n\n\n<p>F\u00fcr eine Anfrage entnehmen Sie am besten den Meta-Daten die eindeutige Bestell-Nr:<\/p>\n\n\n\n<figure class=\"wp-block-image size-full\"><img loading=\"lazy\" decoding=\"async\" width=\"560\" height=\"300\" src=\"http:\/\/www.stuttgart360.de\/wp\/wp-content\/uploads\/2023\/03\/aufbau_bestell-nr.png\" alt=\"\" class=\"wp-image-196\" srcset=\"https:\/\/www.stuttgart360.de\/wp\/wp-content\/uploads\/2023\/03\/aufbau_bestell-nr.png 560w, https:\/\/www.stuttgart360.de\/wp\/wp-content\/uploads\/2023\/03\/aufbau_bestell-nr-300x161.png 300w\" sizes=\"auto, (max-width: 560px) 100vw, 560px\" \/><\/figure>\n\n\n\n<p>\u2026 und beschreiben kurz das Umfeld der Ver\u00f6ffentlichung, ich mache Ihnen gerne ein unverbindliches Angebot.<\/p>\n\n\n\n<div style=\"height:100px\" aria-hidden=\"true\" class=\"wp-block-spacer\"><\/div>\n","protected":false},"excerpt":{"rendered":"<p>Preise \/ Redaktionelle Nutzung Bis auf wenige Ausnahmen k\u00f6nnen nat\u00fcrlich alle Bilder auch redaktionell genutzt werden, d.h. sie d\u00fcrfen in Zeitungen, Magazinen, B\u00fcchern etc. abgedruckt werden. Das Honorar f\u00fcr die Nutzungsrechte bewegt sich dabei im \u00fcblichen Bereich des Bildjournalismus. Bedenken Sie, dass die Aufl\u00f6sung der Bilder so hoch ist, dass Sie jederzeit einen Ausschnitt nutzen [&hellip;]<\/p>\n","protected":false},"author":1,"featured_media":0,"parent":0,"menu_order":0,"comment_status":"closed","ping_status":"closed","template":"","meta":{"footnotes":""},"class_list":["post-195","page","type-page","status-publish","hentry"],"_links":{"self":[{"href":"https:\/\/www.stuttgart360.de\/wp\/wp-json\/wp\/v2\/pages\/195","targetHints":{"allow":["GET"]}}],"collection":[{"href":"https:\/\/www.stuttgart360.de\/wp\/wp-json\/wp\/v2\/pages"}],"about":[{"href":"https:\/\/www.stuttgart360.de\/wp\/wp-json\/wp\/v2\/types\/page"}],"author":[{"embeddable":true,"href":"https:\/\/www.stuttgart360.de\/wp\/wp-json\/wp\/v2\/users\/1"}],"replies":[{"embeddable":true,"href":"https:\/\/www.stuttgart360.de\/wp\/wp-json\/wp\/v2\/comments?post=195"}],"version-history":[{"count":3,"href":"https:\/\/www.stuttgart360.de\/wp\/wp-json\/wp\/v2\/pages\/195\/revisions"}],"predecessor-version":[{"id":220,"href":"https:\/\/www.stuttgart360.de\/wp\/wp-json\/wp\/v2\/pages\/195\/revisions\/220"}],"wp:attachment":[{"href":"https:\/\/www.stuttgart360.de\/wp\/wp-json\/wp\/v2\/media?parent=195"}],"curies":[{"name":"wp","href":"https:\/\/api.w.org\/{rel}","templated":true}]}}