{"id":165,"date":"2023-03-03T12:15:27","date_gmt":"2023-03-03T11:15:27","guid":{"rendered":"http:\/\/www.stuttgart360.de\/wp\/?page_id=165"},"modified":"2023-03-04T19:22:59","modified_gmt":"2023-03-04T18:22:59","slug":"allgemeine-hinweise","status":"publish","type":"page","link":"https:\/\/www.stuttgart360.de\/wp\/allgemeine-hinweise\/","title":{"rendered":"Allgemeine Hinweise"},"content":{"rendered":"\n<h3 class=\"wp-block-heading\">Recherche \/ Allgemeine Hinweise<\/h3>\n\n\n\n<p>Zur Zeit k\u00f6nnen Sie insgesamt 970 Panorama-Aufnahmen auf dieser Webseite anschauen!<\/p>\n\n\n\n<p>Diese sind zun\u00e4chst konsequent chronologisch sortiert. Wie bei einem Blog mit Textbeitr\u00e4gen steht immer das neueste Bild an erster Stelle. Wenn an einem Tag mehrere Bilder gemacht wurden (bspw. bei einer Serie), dann wird zuerst das Datum und dann die Uhrzeit absteigend sortiert.<\/p>\n\n\n\n<figure class=\"wp-block-image size-full\"><img loading=\"lazy\" decoding=\"async\" width=\"560\" height=\"440\" src=\"http:\/\/www.stuttgart360.de\/wp\/wp-content\/uploads\/2023\/03\/aufbau_beitrag.png\" alt=\"Aufbau Beitrag\" class=\"wp-image-161\" srcset=\"https:\/\/www.stuttgart360.de\/wp\/wp-content\/uploads\/2023\/03\/aufbau_beitrag.png 560w, https:\/\/www.stuttgart360.de\/wp\/wp-content\/uploads\/2023\/03\/aufbau_beitrag-300x236.png 300w\" sizes=\"auto, (max-width: 560px) 100vw, 560px\" \/><\/figure>\n\n\n\n<p>Rechts in der Seitenleiste sehen Sie u.a. den Kalender, der anzeigt, an welchem Tag Bilder gemacht wurden (mit grauem Kreis unterlegt), bzw. hier in der Datenbank vorhanden sind:<\/p>\n\n\n\n<figure class=\"wp-block-image size-full\"><img loading=\"lazy\" decoding=\"async\" width=\"500\" height=\"380\" src=\"http:\/\/www.stuttgart360.de\/wp\/wp-content\/uploads\/2023\/03\/aufbau_kalender.png\" alt=\"Aufbau Kalender\" class=\"wp-image-162\" srcset=\"https:\/\/www.stuttgart360.de\/wp\/wp-content\/uploads\/2023\/03\/aufbau_kalender.png 500w, https:\/\/www.stuttgart360.de\/wp\/wp-content\/uploads\/2023\/03\/aufbau_kalender-300x228.png 300w\" sizes=\"auto, (max-width: 500px) 100vw, 500px\" \/><\/figure>\n\n\n\n<p>Wenn Sie mit der Maus auf ein Datum zeigen, wird eine Liste der Bildtitel eingeblendet, die an diesem Tag gemacht wurden.<\/p>\n\n\n\n<p>Im \u00bbArchiv\u00ab Aufklapp-Men\u00fc finden Sie die Rubriken. Unter diesen sind Themen bzw. Dokumentationen zusammengefasst, die z.B. \u00fcber einen l\u00e4ngeren Zeitraum reichen.<\/p>\n\n\n\n<p>Auf einer Seite werden immer max. 10 Motive angezeigt. Wenn es mehr Motive zu einer Recherche gibt, erscheint ganz unten auf der Seite eine Navigations-Leiste:<\/p>\n\n\n\n<figure class=\"wp-block-image size-full\"><img loading=\"lazy\" decoding=\"async\" width=\"560\" height=\"128\" src=\"http:\/\/www.stuttgart360.de\/wp\/wp-content\/uploads\/2023\/03\/aufbau_fuss_list.png\" alt=\"Aufbau Seiten-Navigations-Leiste\" class=\"wp-image-163\" srcset=\"https:\/\/www.stuttgart360.de\/wp\/wp-content\/uploads\/2023\/03\/aufbau_fuss_list.png 560w, https:\/\/www.stuttgart360.de\/wp\/wp-content\/uploads\/2023\/03\/aufbau_fuss_list-300x69.png 300w\" sizes=\"auto, (max-width: 560px) 100vw, 560px\" \/><\/figure>\n\n\n\n<p>Mit dieser klicken Sie sich wahlweise der Reihe nach durch die Liste oder springen Sie auf andere Positionen.<\/p>\n\n\n\n<div style=\"height:100px\" aria-hidden=\"true\" class=\"wp-block-spacer\"><\/div>\n","protected":false},"excerpt":{"rendered":"<p>Recherche \/ Allgemeine Hinweise Zur Zeit k\u00f6nnen Sie insgesamt 970 Panorama-Aufnahmen auf dieser Webseite anschauen! Diese sind zun\u00e4chst konsequent chronologisch sortiert. Wie bei einem Blog mit Textbeitr\u00e4gen steht immer das neueste Bild an erster Stelle. Wenn an einem Tag mehrere Bilder gemacht wurden (bspw. bei einer Serie), dann wird zuerst das Datum und dann die [&hellip;]<\/p>\n","protected":false},"author":1,"featured_media":0,"parent":0,"menu_order":0,"comment_status":"closed","ping_status":"closed","template":"","meta":{"footnotes":""},"class_list":["post-165","page","type-page","status-publish","hentry"],"_links":{"self":[{"href":"https:\/\/www.stuttgart360.de\/wp\/wp-json\/wp\/v2\/pages\/165","targetHints":{"allow":["GET"]}}],"collection":[{"href":"https:\/\/www.stuttgart360.de\/wp\/wp-json\/wp\/v2\/pages"}],"about":[{"href":"https:\/\/www.stuttgart360.de\/wp\/wp-json\/wp\/v2\/types\/page"}],"author":[{"embeddable":true,"href":"https:\/\/www.stuttgart360.de\/wp\/wp-json\/wp\/v2\/users\/1"}],"replies":[{"embeddable":true,"href":"https:\/\/www.stuttgart360.de\/wp\/wp-json\/wp\/v2\/comments?post=165"}],"version-history":[{"count":5,"href":"https:\/\/www.stuttgart360.de\/wp\/wp-json\/wp\/v2\/pages\/165\/revisions"}],"predecessor-version":[{"id":553,"href":"https:\/\/www.stuttgart360.de\/wp\/wp-json\/wp\/v2\/pages\/165\/revisions\/553"}],"wp:attachment":[{"href":"https:\/\/www.stuttgart360.de\/wp\/wp-json\/wp\/v2\/media?parent=165"}],"curies":[{"name":"wp","href":"https:\/\/api.w.org\/{rel}","templated":true}]}}